{"id":28,"date":"2023-05-15T02:00:44","date_gmt":"2023-05-14T23:00:44","guid":{"rendered":"https:\/\/themeholy.com\/wordpress\/malen\/?page_id=28"},"modified":"2025-11-20T17:55:43","modified_gmt":"2025-11-20T14:55:43","slug":"iletisim","status":"publish","type":"page","link":"https:\/\/www.gucbirligipartisi.org.tr\/index.php\/iletisim\/","title":{"rendered":"\u0130leti\u015fim"},"content":{"rendered":"\t\t<div data-elementor-type=\"wp-page\" data-elementor-id=\"28\" class=\"elementor elementor-28\" data-elementor-post-type=\"page\">\n\t\t\t\t\t\t<section class=\"elementor-section elementor-top-section elementor-element elementor-element-c2a27a0 elementor-reverse-tablet elementor-reverse-mobile elementor-section-boxed elementor-section-height-default elementor-section-height-default\" data-id=\"c2a27a0\" data-element_type=\"section\" data-e-type=\"section\" data-settings=\"{&quot;background_background&quot;:&quot;classic&quot;}\">\n\t\t\t\t\t\t<div class=\"elementor-container elementor-column-gap-no\">\n\t\t\t\t\t<div class=\"elementor-column elementor-col-50 elementor-top-column elementor-element elementor-element-83ae8ae\" data-id=\"83ae8ae\" data-element_type=\"column\" data-e-type=\"column\">\n\t\t\t<div class=\"elementor-widget-wrap elementor-element-populated\">\n\t\t\t\t\n\t\t<div class=\"elementor-element elementor-element-9dca921 elementor-widget__width-initial elementor-widget elementor-widget-malencontactinfo\" data-id=\"9dca921\" data-element_type=\"widget\" data-e-type=\"widget\" data-widget_type=\"malencontactinfo.default\">\n\t\t\t\t<div class=\"elementor-widget-container\">\n\t\t\t\t\t        \t\t\t<div class=\"contact-info-wrap\">\n\t\t\t\t<div class=\"contact-info\">\n\t\t\t\t\t<div class=\"contact-info_icon  th-icon\">\n\t\t\t\t\t\t<img decoding=\"async\" src=\"https:\/\/www.gucbirligipartisi.org.tr\/wp-content\/uploads\/2023\/05\/phone.svg\" alt=\"phone\"  \/>\t\t\t\t\t<\/div>\n\t\t\t\t\t<div class=\"media-body\">\n\t\t\t\t\t\t<h4 class=\"contact-info_title th-label\">Gsm-Whatsapp<\/h4>\n\t\t\t\t\t\t<span class=\"contact-info_text\">\n\t\t\t\t\t\t\t<a class=\"th-content\" href=\"tel:+905547650514\">+90 554 765 05 14<\/a>\n\t\t\t\t\t\t<\/span>\n\t\t\t\t\t<\/div>\n\t\t\t\t<\/div>\n\t\t\t\t<div class=\"contact-info\">\n\t\t\t\t\t<div class=\"contact-info_icon th-icon\">\n\t\t\t\t\t\t<img decoding=\"async\" src=\"https:\/\/www.gucbirligipartisi.org.tr\/wp-content\/uploads\/2023\/05\/message.svg\" alt=\"message\"  \/>\t\t\t\t\t<\/div>\n\t\t\t\t\t<div class=\"media-body\">\n\t\t\t\t\t\t<h4 class=\"contact-info_title th-label\">Email <\/h4>\n\t\t\t\t\t\t<span class=\"contact-info_text\">\n\t\t\t\t\t\t\t<a class=\"th-content\"  href=\"mailto:bilgi@gucbirligipartisi.org\">bilgi@gucbirligipartisi.org<\/a>\n\t\t\t\t\t\t<\/span>\n\t\t\t\t\t<\/div>\n\t\t\t\t<\/div>\n\t\t\t\t<div class=\"contact-info\">\n\t\t\t\t\t<div class=\"contact-info_icon th-icon\">\n\t\t\t\t\t\t<img decoding=\"async\" src=\"https:\/\/www.gucbirligipartisi.org.tr\/wp-content\/uploads\/2023\/05\/location.svg\" alt=\"location\"  \/>\t\t\t\t\t<\/div>\n\t\t\t\t\t<div class=\"media-body\">\n\t\t\t\t\t\t<h4 class=\"contact-info_title th-label\">Adres<\/h4>\n\t\t\t\t\t\t<span class=\"contact-info_text th-content\">ANKARA\/MERKEZ<\/span>\n\t\t\t\t\t<\/div>\n\t\t\t\t<\/div>\n\t\t\t\t<div class=\"contact-wrapper\">\n\t\t\t\t\t<h4 class=\"info-title\">Bizi Takip Edin<\/h4>\n\t\t\t\t\t<div class=\"th-social author-social\">\n\t\t\t\t\t\t\t\t\t\t\t\t\t<a  href=\"https:\/\/www.facebook.com\"><i class=\"fab fa-facebook-f\"><\/i><\/a>\n\t\t\t\t\t\t\n\t\t\t\t\t\t\t\t\t\t\t\t\t<a   href=\"https:\/\/www.twitter.com\"><i class=\"fab fa-twitter\"><\/i><\/a>\n\t\t\t\t\t\t\n\t\t\t\t\t\t\t\t\t\t\t\t\t<a   href=\"https:\/\/www.pinterest.com\/\"><i class=\"fab fa-pinterest-p\"><\/i><\/a>\n\t\t\t\t\t\t\n\t\t\t\t\t\t\t\t\t\t\t\t\t<a   href=\"https:\/\/www.linkedin.com\"><i class=\"fab fa-linkedin-in\"><\/i><\/a>\n\t\t\t\t\t\t\t\t\t\t\t<\/div>\n\t\t\t\t<\/div>\n\t\t\t<\/div>\n\n\n    \t\t\t\t\t<\/div>\n\t\t\t\t<\/div>\n\t\t\t\t\t<\/div>\n\t\t<\/div>\n\t\t\t\t<div class=\"elementor-column elementor-col-50 elementor-top-column elementor-element elementor-element-ecd7c1e\" data-id=\"ecd7c1e\" data-element_type=\"column\" data-e-type=\"column\">\n\t\t\t<div class=\"elementor-widget-wrap elementor-element-populated\">\n\t\t\t\t\t\t<div class=\"elementor-element elementor-element-22b47a1 elementor-widget elementor-widget-malencontactform\" data-id=\"22b47a1\" data-element_type=\"widget\" data-e-type=\"widget\" data-widget_type=\"malencontactform.default\">\n\t\t\t\t<div class=\"elementor-widget-container\">\n\t\t\t\t\t\t\t\t\t\t<div class=\"contact-form-wrapper th-bg\">\n\t\t\t\t<div class=\"contact-form ajax-contact\">\n\t\t\t\t\t\t\t\t\t\t\t<h2 class=\"form-title th-title\">Bize Ula\u015f\u0131n<\/h2>\n\t\t\t\t\t\t\t\t\t\t\n<div class=\"wpcf7 no-js\" id=\"wpcf7-f6-o1\" lang=\"tr-TR\" dir=\"ltr\" data-wpcf7-id=\"6\">\n<div class=\"screen-reader-response\"><p role=\"status\" aria-live=\"polite\" aria-atomic=\"true\"><\/p> <ul><\/ul><\/div>\n<form action=\"\/index.php\/wp-json\/wp\/v2\/pages\/28#wpcf7-f6-o1\" method=\"post\" class=\"wpcf7-form init\" aria-label=\"\u0130leti\u015fim Formu\" novalidate=\"novalidate\" data-status=\"init\">\n<fieldset class=\"hidden-fields-container\"><input type=\"hidden\" name=\"_wpcf7\" value=\"6\" \/><input type=\"hidden\" name=\"_wpcf7_version\" value=\"6.1.5\" \/><input type=\"hidden\" name=\"_wpcf7_locale\" value=\"tr_TR\" \/><input type=\"hidden\" name=\"_wpcf7_unit_tag\" value=\"wpcf7-f6-o1\" \/><input type=\"hidden\" name=\"_wpcf7_container_post\" value=\"0\" \/><input type=\"hidden\" name=\"_wpcf7_posted_data_hash\" value=\"\" \/>\n<\/fieldset>\n<label> Ad\u0131n\u0131z-Soyad\u0131n\u0131z\n    <span class=\"wpcf7-form-control-wrap\" data-name=\"your-name\"><input size=\"40\" maxlength=\"400\" class=\"wpcf7-form-control wpcf7-text wpcf7-validates-as-required\" autocomplete=\"name\" aria-required=\"true\" aria-invalid=\"false\" value=\"\" type=\"text\" name=\"your-name\" \/><\/span> <\/label>\n\n<label> E-mail Adresiniz\n    <span class=\"wpcf7-form-control-wrap\" data-name=\"your-email\"><input size=\"40\" maxlength=\"400\" class=\"wpcf7-form-control wpcf7-email wpcf7-validates-as-required wpcf7-text wpcf7-validates-as-email\" autocomplete=\"email\" aria-required=\"true\" aria-invalid=\"false\" value=\"\" type=\"email\" name=\"your-email\" \/><\/span> <\/label>\n\n<label> Konu\n    <span class=\"wpcf7-form-control-wrap\" data-name=\"your-subject\"><input size=\"40\" maxlength=\"400\" class=\"wpcf7-form-control wpcf7-text wpcf7-validates-as-required\" aria-required=\"true\" aria-invalid=\"false\" value=\"\" type=\"text\" name=\"your-subject\" \/><\/span> <\/label>\n\n<label> Mesaj\u0131n\u0131z (optional)\n    <span class=\"wpcf7-form-control-wrap\" data-name=\"your-message\"><textarea cols=\"40\" rows=\"10\" maxlength=\"2000\" class=\"wpcf7-form-control wpcf7-textarea\" aria-invalid=\"false\" name=\"your-message\"><\/textarea><\/span> <\/label>\n\n<input class=\"wpcf7-form-control wpcf7-submit has-spinner\" type=\"submit\" value=\"G\u00f6nder\" \/><div class=\"wpcf7-response-output\" aria-hidden=\"true\"><\/div>\n<\/form>\n<\/div>\n\t\t\t\t<\/div>\n\t\t\t<\/div>\n\n\t\t\t\t\t\t<\/div>\n\t\t\t\t<\/div>\n\t\t\t\t\t<\/div>\n\t\t<\/div>\n\t\t\t\t\t<\/div>\n\t\t<\/section>\n\t\t\t\t<section class=\"elementor-section elementor-top-section elementor-element elementor-element-01ae3d2 elementor-section-boxed elementor-section-height-default elementor-section-height-default\" data-id=\"01ae3d2\" data-element_type=\"section\" data-e-type=\"section\">\n\t\t\t\t\t\t<div class=\"elementor-container elementor-column-gap-no\">\n\t\t\t\t\t<div class=\"elementor-column elementor-col-100 elementor-top-column elementor-element elementor-element-1e1c56d\" data-id=\"1e1c56d\" data-element_type=\"column\" data-e-type=\"column\">\n\t\t\t<div class=\"elementor-widget-wrap elementor-element-populated\">\n\t\t\t\t\t\t<div class=\"elementor-element elementor-element-415b8a0 elementor-widget elementor-widget-google_maps\" data-id=\"415b8a0\" data-element_type=\"widget\" data-e-type=\"widget\" data-widget_type=\"google_maps.default\">\n\t\t\t\t<div class=\"elementor-widget-container\">\n\t\t\t\t\t\t\t<div class=\"elementor-custom-embed\">\n\t\t\t<iframe loading=\"lazy\"\n\t\t\t\t\tsrc=\"https:\/\/maps.google.com\/maps?q=Antalya%2FMerkez&#038;t=m&#038;z=14&#038;output=embed&#038;iwloc=near\"\n\t\t\t\t\ttitle=\"Antalya\/Merkez\"\n\t\t\t\t\taria-label=\"Antalya\/Merkez\"\n\t\t\t><\/iframe>\n\t\t<\/div>\n\t\t\t\t\t\t<\/div>\n\t\t\t\t<\/div>\n\t\t\t\t\t<\/div>\n\t\t<\/div>\n\t\t\t\t\t<\/div>\n\t\t<\/section>\n\t\t\t\t<\/div>\n\t\t","protected":false},"excerpt":{"rendered":"<p>Gsm-Whatsapp +90 554 765 05 14 Email bilgi@gucbirligipartisi.org Adres ANKARA\/MERKEZ Bizi Takip Edin Bize Ula\u015f\u0131n Ad\u0131n\u0131z-Soyad\u0131n\u0131z E-mail Adresiniz Konu Mesaj\u0131n\u0131z (optional)<\/p>\n","protected":false},"author":1,"featured_media":0,"parent":0,"menu_order":0,"comment_status":"closed","ping_status":"closed","template":"template-builder.php","meta":{"give_campaign_id":0,"footnotes":""},"class_list":["post-28","page","type-page","status-publish","hentry"],"aioseo_notices":[],"campaignId":"","jetpack_sharing_enabled":true,"_links":{"self":[{"href":"https:\/\/www.gucbirligipartisi.org.tr\/index.php\/wp-json\/wp\/v2\/pages\/28","targetHints":{"allow":["GET"]}}],"collection":[{"href":"https:\/\/www.gucbirligipartisi.org.tr\/index.php\/wp-json\/wp\/v2\/pages"}],"about":[{"href":"https:\/\/www.gucbirligipartisi.org.tr\/index.php\/wp-json\/wp\/v2\/types\/page"}],"author":[{"embeddable":true,"href":"https:\/\/www.gucbirligipartisi.org.tr\/index.php\/wp-json\/wp\/v2\/users\/1"}],"replies":[{"embeddable":true,"href":"https:\/\/www.gucbirligipartisi.org.tr\/index.php\/wp-json\/wp\/v2\/comments?post=28"}],"version-history":[{"count":45,"href":"https:\/\/www.gucbirligipartisi.org.tr\/index.php\/wp-json\/wp\/v2\/pages\/28\/revisions"}],"predecessor-version":[{"id":2540,"href":"https:\/\/www.gucbirligipartisi.org.tr\/index.php\/wp-json\/wp\/v2\/pages\/28\/revisions\/2540"}],"wp:attachment":[{"href":"https:\/\/www.gucbirligipartisi.org.tr\/index.php\/wp-json\/wp\/v2\/media?parent=28"}],"curies":[{"name":"wp","href":"https:\/\/api.w.org\/{rel}","templated":true}]}}