{"id":24,"date":"2023-05-15T01:59:46","date_gmt":"2023-05-14T22:59:46","guid":{"rendered":"https:\/\/themeholy.com\/wordpress\/malen\/?page_id=24"},"modified":"2023-11-08T18:13:58","modified_gmt":"2023-11-08T15:13:58","slug":"kadin-kollari","status":"publish","type":"page","link":"https:\/\/www.gucbirligipartisi.org.tr\/index.php\/kadin-kollari\/","title":{"rendered":"Kad\u0131n Kollar\u0131"},"content":{"rendered":"\t\t<div data-elementor-type=\"wp-page\" data-elementor-id=\"24\" class=\"elementor elementor-24\" data-elementor-post-type=\"page\">\n\t\t\t\t\t\t<section class=\"elementor-section elementor-top-section elementor-element elementor-element-2f71408 elementor-reverse-tablet elementor-reverse-mobile elementor-section-boxed elementor-section-height-default elementor-section-height-default\" data-id=\"2f71408\" data-element_type=\"section\" data-e-type=\"section\">\n\t\t\t\t\t\t<div class=\"elementor-container elementor-column-gap-no\">\n\t\t\t\t\t<div class=\"elementor-column elementor-col-50 elementor-top-column elementor-element elementor-element-fed7c54 sidebar-area\" data-id=\"fed7c54\" data-element_type=\"column\" data-e-type=\"column\">\n\t\t\t<div class=\"elementor-widget-wrap elementor-element-populated\">\n\t\t\t\t\n\t\t<div class=\"elementor-element elementor-element-5c3cfc0 elementor-widget elementor-widget-malenservicelist\" data-id=\"5c3cfc0\" data-element_type=\"widget\" data-e-type=\"widget\" data-widget_type=\"malenservicelist.default\">\n\t\t\t\t<div class=\"elementor-widget-container\">\n\t\t\t\t\t\n                    <div class=\"widget widget_categories th-cate-wrap \">\n                <h3 class=\"widget_title th-title\">All Services<\/h3>\n                <ul>\n                                        <li>\n                        <a href=\"https:\/\/themeholy.com\/wordpress\/malen\/service-details\/\">KADIN KOLLARI BA\u015eKANI<\/a>\n                                            <\/li>\n                                        <li>\n                        <a href=\"https:\/\/themeholy.com\/wordpress\/malen\/service-details\/\">KADIN KOLLARI VEK\u0130LLER\u0130<\/a>\n                        <i class=\"fa-regular fa-angles-right\"><\/i>                    <\/li>\n                                        <li>\n                        <a href=\"https:\/\/themeholy.com\/wordpress\/malen\/service-details\/\">KADIN KOLLARI BA\u015eKAN YARDIMCILARI<\/a>\n                        <i class=\"fa-regular fa-angles-right\"><\/i>                    <\/li>\n                                        <li>\n                        <a href=\"https:\/\/themeholy.com\/wordpress\/malen\/service-details\/\">B\u00d6LGE KADIN KOLLARI YARDIMCILARI<\/a>\n                        <i class=\"fa-regular fa-angles-right\"><\/i>                    <\/li>\n                                        <li>\n                        <a href=\"https:\/\/themeholy.com\/wordpress\/malen\/service-details\/\">\u0130L KADIN KOLLARI<\/a>\n                        <i class=\"fa-regular fa-angles-right\"><\/i>                    <\/li>\n                                        <li>\n                        <a href=\"https:\/\/themeholy.com\/wordpress\/malen\/service-details\/\">\u0130L\u00c7E KADIN KOLLARI<\/a>\n                        <i class=\"fa-regular fa-angles-right\"><\/i>                    <\/li>\n                                    <\/ul>\n            <\/div>\n\n        \t\t\t\t<\/div>\n\t\t\t\t<\/div>\n\t\t\t\t<div class=\"elementor-element elementor-element-4b50308 elementor-widget elementor-widget-maleninfobox\" data-id=\"4b50308\" data-element_type=\"widget\" data-e-type=\"widget\" data-widget_type=\"maleninfobox.default\">\n\t\t\t\t<div class=\"elementor-widget-container\">\n\t\t\t\t\t\n        \t\t\t<div class=\"widget_banner  \" data-bg-src=\"https:\/\/www.gucbirligipartisi.org\/wp-content\/uploads\/2023\/11\/IMG-20230913-WA0009.jpg\">\n\t\t\t\t<div class=\"widget_wrapper\">\n\t\t\t\t\t<h4 class=\"widget_title\">SERVET S.<\/h4>\n\t\t\t\t\t<div class=\"widget-banner\">\n\t\t\t\t\t\t<div class=\"widget-icon\">\n\t\t\t\t\t\t\t<a href=\"tel:\" class=\"play-btn\"><i class=\"fa-regular fa-phone\"><\/i><\/a>\n\t\t\t\t\t\t<\/div>\n\t\t\t\t\t\t<div class=\"widget-content\">\n\t\t\t\t\t\t\t<span class=\"widget_desc\">KADIN KOLLARI GENEL BA\u015eKANI<\/span>\n\t\t\t\t\t\t\t<a href=\"tel:\" class=\"banner-link\"><\/a>\n\t\t\t\t\t\t<\/div>\n\t\t\t\t\t<\/div>\n\t\t\t\t<\/div>\n\t\t\t<\/div>\n\n\n    \t\t\t\t\t<\/div>\n\t\t\t\t<\/div>\n\t\t\t\t\t<\/div>\n\t\t<\/div>\n\t\t\t\t<div class=\"elementor-column elementor-col-50 elementor-top-column elementor-element elementor-element-ab387dc\" data-id=\"ab387dc\" data-element_type=\"column\" data-e-type=\"column\">\n\t\t\t<div class=\"elementor-widget-wrap elementor-element-populated\">\n\t\t\t\t\t\t<div class=\"elementor-element elementor-element-31856ae elementor-widget elementor-widget-image\" data-id=\"31856ae\" data-element_type=\"widget\" data-e-type=\"widget\" data-widget_type=\"image.default\">\n\t\t\t\t<div class=\"elementor-widget-container\">\n\t\t\t\t\t\t\t\t\t\t\t\t\t\t\t<img fetchpriority=\"high\" decoding=\"async\" width=\"2160\" height=\"1800\" src=\"https:\/\/www.gucbirligipartisi.org.tr\/wp-content\/uploads\/2023\/11\/IMG_20230928_134650_726.jpg\" class=\"attachment-full size-full wp-image-2182\" alt=\"\" srcset=\"https:\/\/www.gucbirligipartisi.org.tr\/wp-content\/uploads\/2023\/11\/IMG_20230928_134650_726.jpg 2160w, https:\/\/www.gucbirligipartisi.org.tr\/wp-content\/uploads\/2023\/11\/IMG_20230928_134650_726-300x250.jpg 300w, https:\/\/www.gucbirligipartisi.org.tr\/wp-content\/uploads\/2023\/11\/IMG_20230928_134650_726-1024x853.jpg 1024w, https:\/\/www.gucbirligipartisi.org.tr\/wp-content\/uploads\/2023\/11\/IMG_20230928_134650_726-768x640.jpg 768w, https:\/\/www.gucbirligipartisi.org.tr\/wp-content\/uploads\/2023\/11\/IMG_20230928_134650_726-1536x1280.jpg 1536w, https:\/\/www.gucbirligipartisi.org.tr\/wp-content\/uploads\/2023\/11\/IMG_20230928_134650_726-2048x1707.jpg 2048w, https:\/\/www.gucbirligipartisi.org.tr\/wp-content\/uploads\/2023\/11\/IMG_20230928_134650_726-600x500.jpg 600w\" sizes=\"(max-width: 2160px) 100vw, 2160px\" \/>\t\t\t\t\t\t\t\t\t\t\t\t\t\t\t<\/div>\n\t\t\t\t<\/div>\n\t\t\t\t<div class=\"elementor-element elementor-element-07165c4 elementor-widget elementor-widget-heading\" data-id=\"07165c4\" data-element_type=\"widget\" data-e-type=\"widget\" data-widget_type=\"heading.default\">\n\t\t\t\t<div class=\"elementor-widget-container\">\n\t\t\t\t\t<h4 class=\"elementor-heading-title elementor-size-default\">KADIN HER YERDED\u0130R...<\/h4>\t\t\t\t<\/div>\n\t\t\t\t<\/div>\n\t\t\t\t<div class=\"elementor-element elementor-element-0770967 elementor-widget elementor-widget-text-editor\" data-id=\"0770967\" data-element_type=\"widget\" data-e-type=\"widget\" data-widget_type=\"text-editor.default\">\n\t\t\t\t<div class=\"elementor-widget-container\">\n\t\t\t\t\t\t\t\t\t<div dir=\"auto\">Kad\u0131n,\u0130nsanl\u0131\u011f\u0131n var olu\u015fundan bu yana uygarl\u0131\u011f\u0131n geli\u015fmesindeki en b\u00fcy\u00fck g\u00f6revi \u00fcstlenen G\u00fc\u00e7t\u00fcr..<\/div><div dir=\"auto\">Kad\u0131n gelece\u011fimizdir.<\/div><div dir=\"auto\">Kad\u0131n sevginin ete kemi\u011fe b\u00fcr\u00fcnm\u00fc\u015f halidir..<\/div><div dir=\"auto\">Kad\u0131n \u00f6zg\u00fcr,\u00e7a\u011fda\u015f,medeni bir hayat\u0131n sava\u015f\u00e7\u0131s\u0131d\u0131r.<\/div><div dir=\"auto\">Kad\u0131n g\u00fc\u00e7t\u00fcr,kad\u0131n zek\u00e2d\u0131r,kad\u0131n sevgidir,kad\u0131n \u00f6zlemdir.<\/div><div dir=\"auto\">Kad\u0131n HAYATI BA\u015eLATANDIR!<\/div><div dir=\"auto\">Kad\u0131n Kollar\u0131 Genel Ba\u015fkanl\u0131\u011f\u0131na ba\u015far\u0131lar diliyorum..<\/div><div dir=\"auto\">Ali Karnap<\/div><div dir=\"auto\">GBP GENEL BA\u015eKAN<\/div>\t\t\t\t\t\t\t\t<\/div>\n\t\t\t\t<\/div>\n\t\t\t\t<div class=\"elementor-element elementor-element-29a4e98 elementor-widget elementor-widget-malenfeatures\" data-id=\"29a4e98\" data-element_type=\"widget\" data-e-type=\"widget\" data-widget_type=\"malenfeatures.default\">\n\t\t\t\t<div class=\"elementor-widget-container\">\n\t\t\t\t\t\n        \t\t\t<div class=\"row gy-4 mb-30 justify-content-center\">\n\t\t\t\t\t\t\t\t<div class=\"col-xxl-4 col-xl-6 col-lg-6 col-md-6\">\n\t\t\t\t\t<div class=\"feature-item-content style2\">\n\t\t\t\t\t\t<div class=\"feature-item_shape\">\n\t\t\t\t\t\t\t<img decoding=\"async\" src=\"\" alt=\"\"  \/>\t\t\t\t\t\t<\/div>\n\t\t\t\t\t\t<div class=\"feature-item_wrapper\">\n\t\t\t\t\t\t\t<div class=\"feature-item_icon\">\n\t\t\t\t\t\t\t\t<img decoding=\"async\" src=\"https:\/\/www.gucbirligipartisi.org\/wp-content\/uploads\/2023\/11\/gbp-arka-plan-1.png\" alt=\"gbp arka plan 1\"  \/>\t\t\t\t\t\t\t<\/div>\n\t\t\t\t\t\t\t<div class=\"media-body\">\n\t\t\t\t\t\t\t\t<h3 class=\"feature-item_title\">Biz insan sayg\u0131s\u0131nday\u0131z!\nBirlikte g\u00fc\u00e7lenecek,birlikte T\u00fcrkiye olaca\u011f\u0131z!..<\/h3>\n\t\t\t\t\t\t\t<\/div>\n\t\t\t\t\t\t<\/div>\n\t\t\t\t\t<\/div>\n\t\t\t\t<\/div>\n\t\t\t\t\t\t\t<\/div>\n\n    \t\t\t\t\t<\/div>\n\t\t\t\t<\/div>\n\t\t\t\t<div class=\"elementor-element elementor-element-904bf28 elementor-widget elementor-widget-heading\" data-id=\"904bf28\" data-element_type=\"widget\" data-e-type=\"widget\" data-widget_type=\"heading.default\">\n\t\t\t\t<div class=\"elementor-widget-container\">\n\t\t\t\t\t<h4 class=\"elementor-heading-title elementor-size-default\">Ey kahraman T\u00fcrk kad\u0131n\u0131! Sen yerde s\u00fcr\u00fcnmeye de\u011fil, omuzlar \u00fczerinde g\u00f6klere y\u00fckselmeye lay\u0131ks\u0131n.<\/h4>\t\t\t\t<\/div>\n\t\t\t\t<\/div>\n\t\t\t\t<div class=\"elementor-element elementor-element-a1b66a4 elementor-invisible elementor-widget elementor-widget-maleninfobox\" data-id=\"a1b66a4\" data-element_type=\"widget\" data-e-type=\"widget\" data-settings=\"{&quot;_animation&quot;:&quot;fadeIn&quot;}\" data-widget_type=\"maleninfobox.default\">\n\t\t\t\t<div class=\"elementor-widget-container\">\n\t\t\t\t\t\n        \t\t\t<div class=\"about-content-wrapper\">\n\t\t\t\t<div class=\"about-content\">\n\t\t\t\t\t<div class=\"checklist\">\n\t\t\t\t\t\t<div class=\"\" dir=\"auto\"><div id=\":rli:\" class=\"x1iorvi4 x1pi30zi x1l90r2v x1swvt13\" data-ad-comet-preview=\"message\" data-ad-preview=\"message\"><div class=\"x78zum5 xdt5ytf xz62fqu x16ldp7u\"><div class=\"xu06os2 x1ok221b\"><div class=\"xdj266r x11i5rnm xat24cr x1mh8g0r x1vvkbs x126k92a\"><div dir=\"auto\">Konuma gerek yok!<\/div><div dir=\"auto\">Dava tek,lider tek!<\/div><div dir=\"auto\">T\u00fcm vatanperverleri G\u00fc\u00e7 Birli\u011fi Partisi Kad\u0131n kollar\u0131 ba\u015fkanl\u0131\u011f\u0131 olarak herkesi,t\u00fcm kad\u0131nlar\u0131m\u0131z\u0131 GBP \u00e7at\u0131s\u0131 alt\u0131nda bulu\u015fmaya davet ediyoruz!..<\/div><\/div><\/div><\/div><\/div><\/div><div id=\":rlj:\" class=\"x1n2onr6\"><div class=\"x1n2onr6\"><div class=\"x6s0dn4 x1jx94hy x78zum5 xdt5ytf x6ikm8r x10wlt62 x1n2onr6 xh8yej3\"><div class=\"xqtp20y x6ikm8r x10wlt62 x1n2onr6\"><div class=\"x10l6tqk x13vifvy\">\u00a0<\/div><\/div><\/div><\/div><\/div>\t\t\t\t\t<\/div>\n\t\t\t\t\t<div class=\"header-info\">\n\t\t\t\t\t\t<div class=\"header-info_icon\">\n\t\t\t\t\t\t\t<a href=\"tel:\">\n\t\t\t\t\t\t\t\t<img decoding=\"async\" src=\"https:\/\/www.gucbirligipartisi.org\/wp-content\/uploads\/2023\/11\/IMG_20230928_134650_726.jpg\" alt=\"IMG_20230928_134650_726\"  \/>\t\t\t\t\t\t\t<\/a>\n\t\t\t\t\t\t<\/div>\n\t\t\t\t\t\t<div class=\"media-body\">\n\t\t\t\t\t\t\t<span class=\"header-info_label\"><\/span>\n\t\t\t\t\t\t\t<p class=\"header-info_link\"><a href=\"tel:\"><\/a>\n\t\t\t\t\t\t\t<\/p>\n\t\t\t\t\t\t<\/div>\n\t\t\t\t\t<\/div>\n\t\t\t\t\t<div class=\"btn-group\">\n\t\t\t\t\t\t<a href=\"#\" class=\"th-btn th_btn black-btn\">Button Text<\/a>\n\t\t\t\t\t<\/div>\n\t\t\t\t<\/div>\n\t\t\t\t<div class=\"counter-wrapper\">\n\t\t\t\t\t\t\t\t\t\t<div class=\"th-counterup\">\n\t\t\t\t\t\t<div class=\"inner\">\n\t\t\t\t\t\t\t<div class=\"content\">\n\t\t\t\t\t\t\t\t<h3 class=\"counter th-title\">\n\t\t\t\t\t\t\t\t\t\t\t\t\t\t\t\t\t<\/h3>\n\t\t\t\t\t\t\t\t<p class=\"counter-card_text th-desc\"><\/p>\n\t\t\t\t\t\t\t<\/div>\n\t\t\t\t\t\t<\/div>\n\t\t\t\t\t<\/div>\n\t\t\t\t\t\t\t\t\t<\/div>\n\t\t\t<\/div>\n\n\t\t\t\t\t\t<\/div>\n\t\t\t\t<\/div>\n\t\t\t\t<div class=\"elementor-element elementor-element-ba8e812 elementor-widget elementor-widget-malenfaq\" data-id=\"ba8e812\" data-element_type=\"widget\" data-e-type=\"widget\" data-widget_type=\"malenfaq.default\">\n\t\t\t\t<div class=\"elementor-widget-container\">\n\t\t\t\t\t        \t\t<div class=\"accordion-area accordion\" id=\"faqAccordion1\">\n\t\t\t            <div class=\"accordion-card\">\n            \t                <div class=\"accordion-header\" id=\"collapse-item-69f2664563549\">\n                    <button class=\"accordion-button \" type=\"button\" data-bs-toggle=\"collapse\"\n                        data-bs-target=\"#collapse-69f2664563549\" aria-expanded=\"true\" aria-controls=\"collapse-69f2664563549\">T\u00dcM \u0130NSANLIK \u0130\u00c7\u0130N T\u00dcM KADINLARIMIZ \u0130\u00c7\u0130N ME\u015eALEM\u0130Z\u0130 YAKTIK<\/button>\n                <\/div>\n                                                <div id=\"collapse-69f2664563549\" class=\"accordion-collapse collapse show\"\n                    aria-labelledby=\"collapse-item-69f2664563549\" data-bs-parent=\"#faqAccordion1\">\n                    <div class=\"accordion-body\">\n\t\t\t\t\t\t<p>Biz G\u00fc\u00e7 Birli\u011fi Partisi kad\u0131nlar\u0131 olarak partimiz ile t\u00fcm kad\u0131nlar\u0131m\u0131z\u0131n yan\u0131nday\u0131z.<\/p>                    <\/div>\n                <\/div>\n                            <\/div>\n                    <\/div>\n\n\t\t\t\t\t\t<\/div>\n\t\t\t\t<\/div>\n\t\t\t\t\t<\/div>\n\t\t<\/div>\n\t\t\t\t\t<\/div>\n\t\t<\/section>\n\t\t\t\t<\/div>\n\t\t","protected":false},"excerpt":{"rendered":"<p>All Services KADIN KOLLARI BA\u015eKANI KADIN KOLLARI VEK\u0130LLER\u0130 KADIN KOLLARI BA\u015eKAN YARDIMCILARI B\u00d6LGE KADIN KOLLARI YARDIMCILARI \u0130L KADIN KOLLARI \u0130L\u00c7E KADIN KOLLARI SERVET S. KADIN KOLLARI GENEL BA\u015eKANI KADIN HER YERDED\u0130R&#8230; Kad\u0131n,\u0130nsanl\u0131\u011f\u0131n var olu\u015fundan bu yana uygarl\u0131\u011f\u0131n geli\u015fmesindeki en b\u00fcy\u00fck g\u00f6revi \u00fcstlenen G\u00fc\u00e7t\u00fcr..Kad\u0131n gelece\u011fimizdir.Kad\u0131n sevginin ete kemi\u011fe b\u00fcr\u00fcnm\u00fc\u015f halidir..Kad\u0131n \u00f6zg\u00fcr,\u00e7a\u011fda\u015f,medeni bir hayat\u0131n sava\u015f\u00e7\u0131s\u0131d\u0131r.Kad\u0131n g\u00fc\u00e7t\u00fcr,kad\u0131n zek\u00e2d\u0131r,kad\u0131n&#8230;<\/p>\n","protected":false},"author":1,"featured_media":0,"parent":0,"menu_order":0,"comment_status":"closed","ping_status":"closed","template":"template-builder.php","meta":{"give_campaign_id":0,"footnotes":""},"class_list":["post-24","page","type-page","status-publish","hentry"],"aioseo_notices":[],"campaignId":"","jetpack_sharing_enabled":true,"_links":{"self":[{"href":"https:\/\/www.gucbirligipartisi.org.tr\/index.php\/wp-json\/wp\/v2\/pages\/24","targetHints":{"allow":["GET"]}}],"collection":[{"href":"https:\/\/www.gucbirligipartisi.org.tr\/index.php\/wp-json\/wp\/v2\/pages"}],"about":[{"href":"https:\/\/www.gucbirligipartisi.org.tr\/index.php\/wp-json\/wp\/v2\/types\/page"}],"author":[{"embeddable":true,"href":"https:\/\/www.gucbirligipartisi.org.tr\/index.php\/wp-json\/wp\/v2\/users\/1"}],"replies":[{"embeddable":true,"href":"https:\/\/www.gucbirligipartisi.org.tr\/index.php\/wp-json\/wp\/v2\/comments?post=24"}],"version-history":[{"count":23,"href":"https:\/\/www.gucbirligipartisi.org.tr\/index.php\/wp-json\/wp\/v2\/pages\/24\/revisions"}],"predecessor-version":[{"id":2205,"href":"https:\/\/www.gucbirligipartisi.org.tr\/index.php\/wp-json\/wp\/v2\/pages\/24\/revisions\/2205"}],"wp:attachment":[{"href":"https:\/\/www.gucbirligipartisi.org.tr\/index.php\/wp-json\/wp\/v2\/media?parent=24"}],"curies":[{"name":"wp","href":"https:\/\/api.w.org\/{rel}","templated":true}]}}