{"id":2210,"date":"2023-11-08T18:19:35","date_gmt":"2023-11-08T15:19:35","guid":{"rendered":"https:\/\/www.gucbirligipartisi.org\/?page_id=2210"},"modified":"2023-11-16T14:01:35","modified_gmt":"2023-11-16T11:01:35","slug":"il-baskanliklari","status":"publish","type":"page","link":"https:\/\/www.gucbirligipartisi.org.tr\/index.php\/il-baskanliklari\/","title":{"rendered":"\u0130l ba\u015fkanl\u0131klar\u0131"},"content":{"rendered":"\t\t<div data-elementor-type=\"wp-page\" data-elementor-id=\"2210\" class=\"elementor elementor-2210\" data-elementor-post-type=\"page\">\n\t\t\t\t<div class=\"elementor-element elementor-element-329c6a6 e-flex e-con-boxed e-con e-parent\" data-id=\"329c6a6\" data-element_type=\"container\" data-e-type=\"container\">\n\t\t\t\t\t<div class=\"e-con-inner\">\n\t\t\n\t\t<div class=\"elementor-element elementor-element-954f05f elementor-widget elementor-widget-shortcode\" data-id=\"954f05f\" data-element_type=\"widget\" data-e-type=\"widget\" data-widget_type=\"shortcode.default\">\n\t\t\t\t<div class=\"elementor-widget-container\">\n\t\t\t\t\t\t\t<div class=\"elementor-shortcode\"><div class=\"map_wrapper\" id=\"map_wrapper_2056\">\n<div class=\"map_box\" style=\"max-width:2000px\">\n<div class=\"map_aspect_ratio\" style=\"padding-top:56%\" data-padding-top=\"56%\" data-padding-top-mobile=\"0%\">\n<div class=\"map_container\">\n<div class=\"map_render map_loading\" id=\"map_2056\"><\/div>\n<\/div>\n<\/div>\n<\/div>\n<\/div><\/div>\n\t\t\t\t\t\t<\/div>\n\t\t\t\t<\/div>\n\t\t\t\t\t<\/div>\n\t\t\t\t<\/div>\n\t\t\t\t<\/div>\n\t\t","protected":false},"excerpt":{"rendered":"","protected":false},"author":1,"featured_media":0,"parent":0,"menu_order":0,"comment_status":"closed","ping_status":"closed","template":"","meta":{"give_campaign_id":0,"footnotes":""},"class_list":["post-2210","page","type-page","status-publish","hentry"],"aioseo_notices":[],"campaignId":"","jetpack_sharing_enabled":true,"_links":{"self":[{"href":"https:\/\/www.gucbirligipartisi.org.tr\/index.php\/wp-json\/wp\/v2\/pages\/2210","targetHints":{"allow":["GET"]}}],"collection":[{"href":"https:\/\/www.gucbirligipartisi.org.tr\/index.php\/wp-json\/wp\/v2\/pages"}],"about":[{"href":"https:\/\/www.gucbirligipartisi.org.tr\/index.php\/wp-json\/wp\/v2\/types\/page"}],"author":[{"embeddable":true,"href":"https:\/\/www.gucbirligipartisi.org.tr\/index.php\/wp-json\/wp\/v2\/users\/1"}],"replies":[{"embeddable":true,"href":"https:\/\/www.gucbirligipartisi.org.tr\/index.php\/wp-json\/wp\/v2\/comments?post=2210"}],"version-history":[{"count":13,"href":"https:\/\/www.gucbirligipartisi.org.tr\/index.php\/wp-json\/wp\/v2\/pages\/2210\/revisions"}],"predecessor-version":[{"id":2365,"href":"https:\/\/www.gucbirligipartisi.org.tr\/index.php\/wp-json\/wp\/v2\/pages\/2210\/revisions\/2365"}],"wp:attachment":[{"href":"https:\/\/www.gucbirligipartisi.org.tr\/index.php\/wp-json\/wp\/v2\/media?parent=2210"}],"curies":[{"name":"wp","href":"https:\/\/api.w.org\/{rel}","templated":true}]}}